{"id":85,"date":"2024-03-08T15:19:31","date_gmt":"2024-03-08T14:19:31","guid":{"rendered":"https:\/\/schema-de-lateralite.etiennelang.com\/?page_id=85"},"modified":"2024-03-16T17:34:10","modified_gmt":"2024-03-16T16:34:10","slug":"comorbidite","status":"publish","type":"page","link":"https:\/\/schema-de-lateralite.etiennelang.com\/index.php\/comorbidite\/","title":{"rendered":"Comorbidit\u00e9"},"content":{"rendered":"\n<p>Pourquoi certaines personnes cumulent-elles les troubles d&rsquo;apprentissages avec des troubles de l&rsquo;attention ?<\/p>\n\n\n<div class=\"wp-block-image\">\n<figure class=\"alignleft size-full is-resized\"><img decoding=\"async\" src=\"https:\/\/etiennelang.com\/wp-content\/uploads\/2024\/03\/Commorbidite.png\" alt=\"\" class=\"wp-image-994\" style=\"width:216px;height:auto\"\/><\/figure>\n<\/div>\n\n\n<p>Comment se fait-il que la douance dans certains domaines s&rsquo;accompagne de dyslexie, de dyspraxie, de troubles du langage ?<br><br>La th\u00e9orie du sch\u00e9ma de lat\u00e9ralit\u00e9, en explicitant le fonctionnement du cerveau, ouvre \u00e0 la compr\u00e9hension  de ce que l&rsquo;on appelle \u00ab\u00a0comorbidit\u00e9\u00a0\u00bb, ou avec plus de d\u00e9licatesse \u00ab\u00a0double exceptionnalit\u00e9\u00a0\u00bb.<\/p>\n\n\n\n<h4 class=\"wp-block-heading\" id=\"troublesassocies\">L&rsquo;\u00e9nigme des troubles associ\u00e9s (\u00ab\u00a0comorbidit\u00e9\u00a0\u00bb et \u00ab\u00a0double exceptionnalit\u00e9\u00a0\u00bb)<\/h4>\n\n\n\n<p>Dyslexie veut dire \u00ab\u00a0difficult\u00e9 \u00e0 lire correctement\u00a0\u00bb<br>Mais le terme <em>dyslexique<\/em> ne d\u00e9signe pas seulement une personne touch\u00e9e par un trouble de la lecture. <br>Le plus souvent il est utilis\u00e9 pour qualifier le fait d&rsquo;\u00eatre maladroit, en retard sur certains apprentissages, confus dans plusieurs domaines, voir m\u00eame touch\u00e9 par des troubles de l&rsquo;attention. <br>Il est parfois aussi \u00e9logieux lorsqu&rsquo;il est associ\u00e9 \u00e0 une cr\u00e9ativit\u00e9 ou a des comp\u00e9tences hors norme (cf livre  \u00ab\u00a0<a href=\"https:\/\/www.editionsddb.fr\/product\/91614\/le-don-de-dyslexie\/\">le don de dyslexie<\/a>\u00a0\u00bb de Ron Davis)<br>En somme il apparait que la dyslexie pourrait \u00eatre la partie visible d&rsquo;un <strong>mode de fonctionnement particulier<\/strong>.<\/p>\n\n\n\n<p>D\u00e9crypter ce don particulier, voil\u00e0 ce que permet l&rsquo;analyse du sch\u00e9ma de lat\u00e9ralit\u00e9 !<\/p>\n\n\n\n<p>En effet chaque \u00e9l\u00e9ment de lat\u00e9ralit\u00e9 porte en germe des forces et des faiblesses face aux apprentissages nouveaux.<br>Par exemple une dominance \u00ab\u00a0oreille gauche et \u0153il gauche\u00a0\u00bb va causer des difficult\u00e9s de m\u00e9moire visuelle <strong><em>et<\/em><\/strong> auditive<br><br>Certaines combinaisons sont plus probl\u00e9matiques que qu&rsquo;autres. <br>Par exemple une dominance \u00ab\u00a0main et jambe gauche, \u0153il droit oreille gauche \u00a0\u00bb pose diff\u00e9rents probl\u00e8mes : \u00e9crire le fran\u00e7ais de la main gauche, faire co\u00efncider l\u2019\u0153il et la main oppos\u00e9s pour \u00e9crire, entendre les mots d&rsquo;une dict\u00e9e de l&rsquo;oreille gauche , attraper un ballon de la main gauche sous le contr\u00f4le de l\u2019\u0153il droit etc.<\/p>\n\n\n\n<p>Enfin un sch\u00e9ma de lat\u00e9ralit\u00e9 faible, confus ou altern\u00e9 est r\u00e9v\u00e9lateur de certains manques lors de p\u00e9riodes sensibles du d\u00e9veloppement psychomoteur. Rien de surprenant alors que plusieurs difficult\u00e9s se manifestent en m\u00eame temps.<br>Par exemple un sch\u00e9ma complexe peut entrainer tout \u00e0 la fois certaines difficult\u00e9s propres associ\u00e9es \u00e0 une pens\u00e9e foisonnante et une tendance \u00e0 des troubles de l&rsquo;attention.<\/p>\n\n\n\n<p><em>Attention ! Des difficult\u00e9s de lecture sans corr\u00e9lation avec d&rsquo;autres troubles, non explicable par le sch\u00e9ma de lat\u00e9ralit\u00e9 indique tr\u00e8s probablement une dyslexie purement visuelle (trouble de la perception visuelle ou troubles visuo-moteurs)<br>Le sch\u00e9ma de lat\u00e9ralit\u00e9 est donc pr\u00e9cieux pour discriminer ce genre de  probl\u00e8me.<\/em><\/p>\n\n\n\n<p><br><\/p>\n","protected":false},"excerpt":{"rendered":"<p>Pourquoi certaines personnes cumulent-elles les troubles d&rsquo;apprentissages avec des troubles de l&rsquo;attention ? Comment se fait-il que la douance dans certains domaines s&rsquo;accompagne de dyslexie, de dyspraxie, de troubles du langage ? La th\u00e9orie du sch\u00e9ma de lat\u00e9ralit\u00e9, en explicitant le fonctionnement du cerveau, ouvre \u00e0 la compr\u00e9hension de ce que l&rsquo;on appelle \u00ab\u00a0comorbidit\u00e9\u00a0\u00bb, ou [&hellip;]<\/p>\n","protected":false},"author":1,"featured_media":0,"parent":0,"menu_order":0,"comment_status":"closed","ping_status":"closed","template":"","meta":{"advanced_seo_description":"","jetpack_seo_html_title":"","jetpack_seo_noindex":false,"footnotes":""},"class_list":["post-85","page","type-page","status-publish","hentry","post"],"jetpack_sharing_enabled":true,"_links":{"self":[{"href":"https:\/\/schema-de-lateralite.etiennelang.com\/index.php\/wp-json\/wp\/v2\/pages\/85","targetHints":{"allow":["GET"]}}],"collection":[{"href":"https:\/\/schema-de-lateralite.etiennelang.com\/index.php\/wp-json\/wp\/v2\/pages"}],"about":[{"href":"https:\/\/schema-de-lateralite.etiennelang.com\/index.php\/wp-json\/wp\/v2\/types\/page"}],"author":[{"embeddable":true,"href":"https:\/\/schema-de-lateralite.etiennelang.com\/index.php\/wp-json\/wp\/v2\/users\/1"}],"replies":[{"embeddable":true,"href":"https:\/\/schema-de-lateralite.etiennelang.com\/index.php\/wp-json\/wp\/v2\/comments?post=85"}],"version-history":[{"count":2,"href":"https:\/\/schema-de-lateralite.etiennelang.com\/index.php\/wp-json\/wp\/v2\/pages\/85\/revisions"}],"predecessor-version":[{"id":212,"href":"https:\/\/schema-de-lateralite.etiennelang.com\/index.php\/wp-json\/wp\/v2\/pages\/85\/revisions\/212"}],"wp:attachment":[{"href":"https:\/\/schema-de-lateralite.etiennelang.com\/index.php\/wp-json\/wp\/v2\/media?parent=85"}],"curies":[{"name":"wp","href":"https:\/\/api.w.org\/{rel}","templated":true}]}}