{"id":41,"date":"2024-03-08T13:22:14","date_gmt":"2024-03-08T12:22:14","guid":{"rendered":"https:\/\/schema-de-lateralite.etiennelang.com\/?page_id=41"},"modified":"2024-03-10T17:16:41","modified_gmt":"2024-03-10T16:16:41","slug":"les-troubles-des-apprentissages","status":"publish","type":"page","link":"https:\/\/schema-de-lateralite.etiennelang.com\/index.php\/les-troubles-des-apprentissages\/","title":{"rendered":"Les troubles des apprentissages"},"content":{"rendered":"<div class=\"wp-block-image\">\n<figure class=\"alignleft size-full is-resized\"><img loading=\"lazy\" decoding=\"async\" width=\"600\" height=\"400\" src=\"https:\/\/schema-de-lateralite.etiennelang.com\/wp-content\/uploads\/2024\/03\/pexels-keira-burton-6623833.jpg\" alt=\"\" class=\"wp-image-59\" style=\"width:370px;height:auto\" srcset=\"https:\/\/schema-de-lateralite.etiennelang.com\/wp-content\/uploads\/2024\/03\/pexels-keira-burton-6623833.jpg 600w, https:\/\/schema-de-lateralite.etiennelang.com\/wp-content\/uploads\/2024\/03\/pexels-keira-burton-6623833-300x200.jpg 300w\" sizes=\"auto, (max-width: 600px) 100vw, 600px\" \/><\/figure>\n<\/div>\n\n\n<h3 class=\"wp-block-heading has-luminous-vivid-orange-color has-very-light-gray-to-cyan-bluish-gray-gradient-background has-text-color has-background has-link-color wp-elements-388d1a37c91dcc1a4f64c23e25b8ecad\"><span class=\"ez-toc-section\" id=\"dans_les_activites_scolaires\"><\/span>Dans les activit\u00e9s scolaires<span class=\"ez-toc-section-end\"><\/span><\/h3>\n\n\n\n<p><strong>Nous sommes loin d&rsquo;\u00eatre \u00e9gaux devant certains exercices qui font partie des fondamentaux des apprentissages scolaires. <\/strong><br><strong>Et cela est en grande partie du \u00e0 notre sch\u00e9ma de lat\u00e9ralit\u00e9.<\/strong><br><br>Prenons <strong>l&rsquo;exemple de la dict\u00e9e<\/strong> pour comprendre  comment s&rsquo;organise le cerveau :<br><br>La dict\u00e9e sollicite essentiellement l&rsquo;h\u00e9misph\u00e8re gauche qui rec\u00e8le les centres qui r\u00e9gissent le langage (hormis de tr\u00e8s rares exceptions)<\/p>\n\n\n\n<p><br>C&rsquo;est l\u00e0 que se trouve la capacit\u00e9 \u00e0 entendre les mots (aire auditive), \u00e0 les reconnaitre (aire visuelle), \u00e0 analyser les lettres qui les constituent, \u00e0 construire les gestes qui permettent de les \u00e9crire (aire associative) . C&rsquo;est \u00e9galement l\u00e0 que se situe la commande de la main droite pour \u00e9crire (aire motrice).  <\/p>\n\n\n<div class=\"wp-block-image\">\n<figure class=\"alignleft size-large is-resized\"><img decoding=\"async\" src=\"https:\/\/etiennelang.com\/wp-content\/uploads\/2024\/02\/Aires-cerebrales-724x1024.png\" alt=\"\" class=\"wp-image-926\" style=\"width:267px;height:auto\"\/><\/figure>\n<\/div>\n\n\n<p><br>Au contraire l&rsquo;h\u00e9misph\u00e8re droit  n&rsquo;est pas tr\u00e8s sollicit\u00e9 lors d&rsquo;une dict\u00e9e car il entend le mot comme une musique, r\u00e9git la vision d&rsquo;un mot comme une image, appr\u00e9hende son sens dans son contexte ainsi que la charge affective qui lui est li\u00e9, et fait le lien avec d&rsquo;autres mots et d&rsquo;autres concepts qui lui ressemblent<br> <br>3) Les voies nerveuses relient le cot\u00e9 droit du corps \u00e0 cet h\u00e9misph\u00e8re gauche.<br>\u00catre droitier c&rsquo;est entendre, voir et \u00e9crire directement sous la commande de cet h\u00e9misph\u00e8re gauche.<br><br><\/p>\n\n\n\n<p><\/p>\n\n\n\n<h4 class=\"wp-block-heading\"><span class=\"ez-toc-section\" id=\"la_dictee_du_droitier\"><\/span>La dict\u00e9e du droitier<span class=\"ez-toc-section-end\"><\/span><\/h4>\n\n\n<div class=\"wp-block-image\">\n<figure class=\"alignleft size-large is-resized\"><img decoding=\"async\" src=\"https:\/\/etiennelang.com\/wp-content\/uploads\/2024\/02\/Dictee-droitier1-724x1024.png\" alt=\"\" class=\"wp-image-927\" style=\"width:299px;height:auto\"\/><figcaption class=\"wp-element-caption\">L&rsquo;oreille droite entend les sons, puis le mot est d\u00e9cod\u00e9, reconnu puis \u00e9crit <\/figcaption><\/figure>\n<\/div>\n\n<div class=\"wp-block-image\">\n<figure class=\"alignleft size-large is-resized\"><img decoding=\"async\" src=\"https:\/\/etiennelang.com\/wp-content\/uploads\/2024\/02\/Dictee-droitier2-724x1024.png\" alt=\"\" class=\"wp-image-929\" style=\"width:296px;height:auto\"\/><figcaption class=\"wp-element-caption\">Si n\u00e9cessaire l\u2019\u0153il v\u00e9rifie et corrige l&rsquo;\u00e9criture<\/figcaption><\/figure>\n<\/div>\n\n\n<p><\/p>\n\n\n\n<p><\/p>\n\n\n\n<h4 class=\"wp-block-heading\"><span class=\"ez-toc-section\" id=\"la_dictee_du_gaucher\"><\/span>La dict\u00e9e du gaucher<span class=\"ez-toc-section-end\"><\/span><\/h4>\n\n\n<div class=\"wp-block-image\">\n<figure class=\"alignleft size-large is-resized\"><img decoding=\"async\" src=\"https:\/\/etiennelang.com\/wp-content\/uploads\/2024\/02\/Dictee-gaucher1-724x1024.png\" alt=\"\" class=\"wp-image-930\" style=\"width:286px;height:auto\"\/><figcaption class=\"wp-element-caption\">Les sons arrivent dans l&rsquo;h\u00e9misph\u00e8re droit, il doivent revenir vers l&rsquo;h\u00e9misph\u00e8re gauche pour \u00eatre trait\u00e9s.<br>Les ordres d&rsquo;\u00e9criture doivent \u00e9galement passer d&rsquo;un cot\u00e9 \u00e0 l&rsquo;autre.<\/figcaption><\/figure>\n<\/div>\n\n<div class=\"wp-block-image\">\n<figure class=\"alignleft size-large is-resized\"><img decoding=\"async\" src=\"https:\/\/etiennelang.com\/wp-content\/uploads\/2024\/02\/Dictee-gaucher2-724x1024.png\" alt=\"\" class=\"wp-image-931\" style=\"width:286px;height:auto\"\/><figcaption class=\"wp-element-caption\">Le contr\u00f4le visuel de ce qui est \u00e9crit n\u00e9cessite \u00e9galement un changement de cot\u00e9.<br>(De plus le stylo masque ce que l&rsquo;on \u00e9crit)<\/figcaption><\/figure>\n<\/div>\n\n\n<h4 class=\"wp-block-heading\"><span class=\"ez-toc-section\" id=\"la_dictee_du_gaucher_contrarie\"><\/span>La dict\u00e9e du gaucher contrari\u00e9<span class=\"ez-toc-section-end\"><\/span><\/h4>\n\n\n<div class=\"wp-block-image\">\n<figure class=\"alignleft size-large is-resized\"><img decoding=\"async\" src=\"https:\/\/etiennelang.com\/wp-content\/uploads\/2024\/02\/Dictee-gaucher-contrarie-724x1024.png\" alt=\"\" class=\"wp-image-933\" style=\"width:255px;height:auto\"\/><figcaption class=\"wp-element-caption\">Cette fois les influx moteurs doivent passer deux fois d&rsquo;un cot\u00e9 \u00e0 l&rsquo;autre<\/figcaption><\/figure>\n<\/div>\n\n\n<p>Le gaucher contrari\u00e9 ou la gauch\u00e8re contrari\u00e9e sont confront\u00e9s \u00e0 plusieurs d\u00e9fis :<\/p>\n\n\n\n<ul class=\"wp-block-list\">\n<li>la perte de temps pour faire transiter les informations d&rsquo;un cot\u00e9 \u00e0 l&rsquo;autre<\/li>\n\n\n\n<li>la possible perte d&rsquo;information lors de ce passage d&rsquo;un cot\u00e9 \u00e0 l&rsquo;autre<\/li>\n\n\n\n<li>la tentation de voir le mot comme un dessin, et donc de ne pas en analyser finement l&rsquo;orthographe<\/li>\n\n\n\n<li>l&rsquo;inversion possible des lettre (b et d, p et q) et l&rsquo;inversion des mots<\/li>\n\n\n\n<li>le risque d&rsquo;une graphie invers\u00e9e&#8230;<\/li>\n<\/ul>\n\n\n\n<h4 class=\"wp-block-heading\"><span class=\"ez-toc-section\" id=\"conclusion_le_droitier_en_principe_sen_sortira_toujours_en_dictee_sil_reste_un_tant_soit_peu_concentre_pour_un_gaucher_cet_exercice_est_difficile_des_apprentissages_sereins_et_au_rythme_de_lenfant_favorisent_la_maitrise_de_lart_de_la_dictee_un_enfant_a_qui_lon_explique_son_schema_de_lateralite_ne_se_decourage_pas_il_sait_que_certaines_difficultes_sont_normales_selon_son_age_et_que_sil_sexerce_il_y_arrivera_forcement\"><\/span>Conclusion : <br>Le droitier en principe s&rsquo;en sortira toujours en dict\u00e9e s&rsquo;il reste un tant soit peu concentr\u00e9.<br>Pour un gaucher, cet exercice est difficile. <br>Des apprentissages sereins et au rythme de l&rsquo;enfant favorisent la maitrise de l&rsquo;art de la dict\u00e9e.<br><br>Un enfant \u00e0 qui l&rsquo;on explique son sch\u00e9ma de lat\u00e9ralit\u00e9 ne se d\u00e9courage pas, il sait que certaines difficult\u00e9s sont normales selon son \u00e2ge et que s&rsquo;il s&rsquo;exerce il y arrivera forc\u00e9ment.<span class=\"ez-toc-section-end\"><\/span><\/h4>\n\n\n\n<h3 class=\"wp-block-heading has-luminous-vivid-orange-color has-very-light-gray-to-cyan-bluish-gray-gradient-background has-text-color has-background has-link-color wp-elements-124de8b6bc8f113468694e0f964b3b7d\"><span class=\"ez-toc-section\" id=\"dans_les_apprentissages_sportifs\"><\/span>Dans les apprentissages sportifs <span class=\"ez-toc-section-end\"><\/span><\/h3>\n\n\n\n<p><strong>Parmi les activit\u00e9s sportives, certaines posent probl\u00e8mes \u00e0 des enfants jug\u00e9s maladroits. <\/strong><br>On parle alors de dyspraxie (du grec <em>praxis<\/em> qui signifie action)<br><strong>Plusieurs sch\u00e9ma de lat\u00e9ralit\u00e9 peuvent en \u00eatre la cause<\/strong> : sch\u00e9ma confus, sch\u00e9ma mixte moteur, sch\u00e9ma altern\u00e9&#8230;<br><strong>Voyons ici l&rsquo;exemple de l&rsquo;enfant mixte oeil\/main dans les jeux de ballon<\/strong><\/p>\n\n\n<div class=\"wp-block-image\">\n<figure class=\"alignleft size-full is-resized\"><img decoding=\"async\" src=\"https:\/\/etiennelang.com\/wp-content\/uploads\/2024\/03\/pexels-kampus-production-8887574.jpg\" alt=\"\" class=\"wp-image-1000\" style=\"width:273px;height:auto\"\/><figcaption class=\"wp-element-caption\">Quel dommage que des enfants puissent d\u00e9velopper une peur du ballon !<\/figcaption><\/figure>\n<\/div>\n\n\n<p>Au moment ou le sujet voit le ballon arriver, c&rsquo;est la bras oppos\u00e9 \u00e0 l\u2019\u0153il qui r\u00e9agit. Il existe donc un d\u00e9calage entre la vue et l&rsquo;action, qui emp\u00eache d&rsquo;attraper la balle avec pr\u00e9cision.<br>Si l&rsquo;enfant est confront\u00e9 tr\u00e8s t\u00f4t \u00e0 des r\u00e9ceptions de balles qu&rsquo;il n&rsquo;arrive pas \u00e0 maitriser, il rentre en stress, devint de moins en moins habile, se fait rejeter par les autres enfants et fini par d\u00e9tester les sports collectifs.<br>Au contraire s&rsquo;il est au courant de sa particularit\u00e9, il va pouvoir s&rsquo;entrainer et d\u00e9passer la difficult\u00e9. Auquel cas il pourra aimer les sports collectifs. <br>S&rsquo;il est gaucher moteur, il est possible qu&rsquo;il d\u00e9veloppe des talents d&rsquo;habilet\u00e9 extraordinaires alors m\u00eame qu&rsquo;il aurait pu \u00eatre vou\u00e9 rester dyspraxique !<\/p>\n\n\n\n<h3 class=\"wp-block-heading has-luminous-vivid-orange-color has-very-light-gray-to-cyan-bluish-gray-gradient-background has-text-color has-background has-link-color wp-elements-b235ef3f7c8e3fd93e2d5e94a54de8a4\"><span class=\"ez-toc-section\" id=\"dans_les_activites_culturelles\"><\/span>Dans les activit\u00e9s culturelles<span class=\"ez-toc-section-end\"><\/span><\/h3>\n\n\n\n<figure class=\"wp-block-image size-full\"><img decoding=\"async\" src=\"https:\/\/etiennelang.com\/wp-content\/uploads\/2024\/03\/pexels-yan-krukau-8190779.jpg\" alt=\"\" class=\"wp-image-1003\"\/><figcaption class=\"wp-element-caption\">Question : pour un enfant gaucher, faut-il imp\u00e9rativement lui faire jouer de la guitare cot\u00e9 gauche ?<br>R\u00e9ponse : cela d\u00e9pend de l&rsquo;ensemble de son sch\u00e9ma de lat\u00e9ralit\u00e9 .<\/figcaption><\/figure>\n\n\n\n<p>Les activit\u00e9s de loisir culturels sont g\u00e9n\u00e9ralement choisies en fonction d&rsquo;aptitudes pr\u00e9existantes.<br>Pourtant elles peuvent parfois \u00eatre contrari\u00e9es par certains troubles des apprentissages.<br><br>Un enfant qui chante faux, qui n&rsquo;arrive pas \u00e0 m\u00e9moriser des paroles de chansons, qui ne peut danser en rythme, qui est malhabile \u00e0 tenir un pinceau doit-il pour autant abandonner ?<br><strong>L&rsquo;analyse du sch\u00e9ma de lat\u00e9ralit\u00e9 est d&rsquo;une aide pr\u00e9cieuse pour savoir l&rsquo;orienter et l&rsquo;aider \u00e0 pers\u00e9v\u00e9rer.<\/strong><\/p>\n<div id=\"ez-toc-container\" class=\"ez-toc-v2_0_82_2 counter-hierarchy ez-toc-counter ez-toc-light-blue ez-toc-container-direction\">\n<div class=\"ez-toc-title-container\">\n<p class=\"ez-toc-title\" style=\"cursor:inherit\">Sommaire de la page<\/p>\n<span class=\"ez-toc-title-toggle\"><a href=\"#\" class=\"ez-toc-pull-right ez-toc-btn ez-toc-btn-xs ez-toc-btn-default ez-toc-toggle\" aria-label=\"Toggle Table of Content\"><span class=\"ez-toc-js-icon-con\"><span class=\"\"><span class=\"eztoc-hide\" style=\"display:none;\">Toggle<\/span><span class=\"ez-toc-icon-toggle-span\"><svg style=\"fill: #999;color:#999\" xmlns=\"http:\/\/www.w3.org\/2000\/svg\" class=\"list-377408\" width=\"20px\" height=\"20px\" viewBox=\"0 0 24 24\" fill=\"none\"><path d=\"M6 6H4v2h2V6zm14 0H8v2h12V6zM4 11h2v2H4v-2zm16 0H8v2h12v-2zM4 16h2v2H4v-2zm16 0H8v2h12v-2z\" fill=\"currentColor\"><\/path><\/svg><svg style=\"fill: #999;color:#999\" class=\"arrow-unsorted-368013\" xmlns=\"http:\/\/www.w3.org\/2000\/svg\" width=\"10px\" height=\"10px\" viewBox=\"0 0 24 24\" version=\"1.2\" baseProfile=\"tiny\"><path d=\"M18.2 9.3l-6.2-6.3-6.2 6.3c-.2.2-.3.4-.3.7s.1.5.3.7c.2.2.4.3.7.3h11c.3 0 .5-.1.7-.3.2-.2.3-.5.3-.7s-.1-.5-.3-.7zM5.8 14.7l6.2 6.3 6.2-6.3c.2-.2.3-.5.3-.7s-.1-.5-.3-.7c-.2-.2-.4-.3-.7-.3h-11c-.3 0-.5.1-.7.3-.2.2-.3.5-.3.7s.1.5.3.7z\"\/><\/svg><\/span><\/span><\/span><\/a><\/span><\/div>\n<nav><ul class='ez-toc-list ez-toc-list-level-1 ' ><li class='ez-toc-page-1 ez-toc-heading-level-3'><a class=\"ez-toc-link ez-toc-heading-1\" href=\"https:\/\/schema-de-lateralite.etiennelang.com\/index.php\/les-troubles-des-apprentissages\/#dans_les_activites_scolaires\" >Dans les activit\u00e9s scolaires<\/a><ul class='ez-toc-list-level-4' ><li class='ez-toc-heading-level-4'><a class=\"ez-toc-link ez-toc-heading-2\" href=\"https:\/\/schema-de-lateralite.etiennelang.com\/index.php\/les-troubles-des-apprentissages\/#la_dictee_du_droitier\" >La dict\u00e9e du droitier<\/a><\/li><li class='ez-toc-page-1 ez-toc-heading-level-4'><a class=\"ez-toc-link ez-toc-heading-3\" href=\"https:\/\/schema-de-lateralite.etiennelang.com\/index.php\/les-troubles-des-apprentissages\/#la_dictee_du_gaucher\" >La dict\u00e9e du gaucher<\/a><\/li><li class='ez-toc-page-1 ez-toc-heading-level-4'><a class=\"ez-toc-link ez-toc-heading-4\" href=\"https:\/\/schema-de-lateralite.etiennelang.com\/index.php\/les-troubles-des-apprentissages\/#la_dictee_du_gaucher_contrarie\" >La dict\u00e9e du gaucher contrari\u00e9<\/a><\/li><li class='ez-toc-page-1 ez-toc-heading-level-4'><a class=\"ez-toc-link ez-toc-heading-5\" href=\"https:\/\/schema-de-lateralite.etiennelang.com\/index.php\/les-troubles-des-apprentissages\/#conclusion_le_droitier_en_principe_sen_sortira_toujours_en_dictee_sil_reste_un_tant_soit_peu_concentre_pour_un_gaucher_cet_exercice_est_difficile_des_apprentissages_sereins_et_au_rythme_de_lenfant_favorisent_la_maitrise_de_lart_de_la_dictee_un_enfant_a_qui_lon_explique_son_schema_de_lateralite_ne_se_decourage_pas_il_sait_que_certaines_difficultes_sont_normales_selon_son_age_et_que_sil_sexerce_il_y_arrivera_forcement\" >Conclusion :  Le droitier en principe s&rsquo;en sortira toujours en dict\u00e9e s&rsquo;il reste un tant soit peu concentr\u00e9. Pour un gaucher, cet exercice est difficile.  Des apprentissages sereins et au rythme de l&rsquo;enfant favorisent la maitrise de l&rsquo;art de la dict\u00e9e.  Un enfant \u00e0 qui l&rsquo;on explique son sch\u00e9ma de lat\u00e9ralit\u00e9 ne se d\u00e9courage pas, il sait que certaines difficult\u00e9s sont normales selon son \u00e2ge et que s&rsquo;il s&rsquo;exerce il y arrivera forc\u00e9ment.<\/a><\/li><\/ul><\/li><li class='ez-toc-page-1 ez-toc-heading-level-3'><a class=\"ez-toc-link ez-toc-heading-6\" href=\"https:\/\/schema-de-lateralite.etiennelang.com\/index.php\/les-troubles-des-apprentissages\/#dans_les_apprentissages_sportifs\" >Dans les apprentissages sportifs<\/a><\/li><li class='ez-toc-page-1 ez-toc-heading-level-3'><a class=\"ez-toc-link ez-toc-heading-7\" href=\"https:\/\/schema-de-lateralite.etiennelang.com\/index.php\/les-troubles-des-apprentissages\/#dans_les_activites_culturelles\" >Dans les activit\u00e9s culturelles<\/a><\/li><\/ul><\/nav><\/div>\n","protected":false},"excerpt":{"rendered":"<p>Dans les activit\u00e9s scolaires Nous sommes loin d&rsquo;\u00eatre \u00e9gaux devant certains exercices qui font partie des fondamentaux des apprentissages scolaires. Et cela est en grande partie du \u00e0 notre sch\u00e9ma de lat\u00e9ralit\u00e9. Prenons l&rsquo;exemple de la dict\u00e9e pour comprendre comment s&rsquo;organise le cerveau : La dict\u00e9e sollicite essentiellement l&rsquo;h\u00e9misph\u00e8re gauche qui rec\u00e8le les centres qui [&hellip;]<\/p>\n","protected":false},"author":1,"featured_media":0,"parent":0,"menu_order":0,"comment_status":"closed","ping_status":"closed","template":"","meta":{"advanced_seo_description":"","jetpack_seo_html_title":"","jetpack_seo_noindex":false,"footnotes":""},"class_list":["post-41","page","type-page","status-publish","hentry","post"],"jetpack_sharing_enabled":true,"_links":{"self":[{"href":"https:\/\/schema-de-lateralite.etiennelang.com\/index.php\/wp-json\/wp\/v2\/pages\/41","targetHints":{"allow":["GET"]}}],"collection":[{"href":"https:\/\/schema-de-lateralite.etiennelang.com\/index.php\/wp-json\/wp\/v2\/pages"}],"about":[{"href":"https:\/\/schema-de-lateralite.etiennelang.com\/index.php\/wp-json\/wp\/v2\/types\/page"}],"author":[{"embeddable":true,"href":"https:\/\/schema-de-lateralite.etiennelang.com\/index.php\/wp-json\/wp\/v2\/users\/1"}],"replies":[{"embeddable":true,"href":"https:\/\/schema-de-lateralite.etiennelang.com\/index.php\/wp-json\/wp\/v2\/comments?post=41"}],"version-history":[{"count":7,"href":"https:\/\/schema-de-lateralite.etiennelang.com\/index.php\/wp-json\/wp\/v2\/pages\/41\/revisions"}],"predecessor-version":[{"id":180,"href":"https:\/\/schema-de-lateralite.etiennelang.com\/index.php\/wp-json\/wp\/v2\/pages\/41\/revisions\/180"}],"wp:attachment":[{"href":"https:\/\/schema-de-lateralite.etiennelang.com\/index.php\/wp-json\/wp\/v2\/media?parent=41"}],"curies":[{"name":"wp","href":"https:\/\/api.w.org\/{rel}","templated":true}]}}