{"id":36,"date":"2024-03-08T13:08:09","date_gmt":"2024-03-08T12:08:09","guid":{"rendered":"https:\/\/schema-de-lateralite.etiennelang.com\/?page_id=36"},"modified":"2026-01-11T17:39:13","modified_gmt":"2026-01-11T16:39:13","slug":"accueil","status":"publish","type":"page","link":"https:\/\/schema-de-lateralite.etiennelang.com\/","title":{"rendered":"accueil"},"content":{"rendered":"\n<h1 class=\"wp-block-heading has-text-align-center has-luminous-vivid-orange-color has-very-light-gray-to-cyan-bluish-gray-gradient-background has-text-color has-background has-link-color wp-elements-c4c50409c7559772cf6ae6a6c70f2229\"><a href=\"https:\/\/schema-de-lateralite.etiennelang.com\/index.php\/presentation\/\">L&rsquo;analyse du sch\u00e9ma de lat\u00e9ralit\u00e9 &#8230;<\/a><\/h1>\n\n\n\n<figure class=\"wp-block-image size-full is-resized\"><a href=\"https:\/\/schema-de-lateralite.etiennelang.com\/index.php\/presentation\/\"><img loading=\"lazy\" decoding=\"async\" width=\"400\" height=\"400\" src=\"https:\/\/schema-de-lateralite.etiennelang.com\/wp-content\/uploads\/2024\/03\/Nuage-de-mots-web.png\" alt=\"\" class=\"wp-image-236\" style=\"width:884px;height:auto\" srcset=\"https:\/\/schema-de-lateralite.etiennelang.com\/wp-content\/uploads\/2024\/03\/Nuage-de-mots-web.png 400w, https:\/\/schema-de-lateralite.etiennelang.com\/wp-content\/uploads\/2024\/03\/Nuage-de-mots-web-300x300.png 300w, https:\/\/schema-de-lateralite.etiennelang.com\/wp-content\/uploads\/2024\/03\/Nuage-de-mots-web-150x150.png 150w\" sizes=\"auto, (max-width: 400px) 100vw, 400px\" \/><\/a><\/figure>\n\n\n\n<h1 class=\"wp-block-heading has-text-align-center has-luminous-vivid-orange-color has-text-color has-background has-link-color wp-elements-91241aa905b3ea6d803ebe1fa87b14a7\" style=\"background:linear-gradient(307deg,rgb(238,238,238) 0%,rgb(169,184,195) 100%)\"><a href=\"https:\/\/schema-de-lateralite.etiennelang.com\/index.php\/presentation\/\">Un outil extraordinaire &#8230;<\/a><\/h1>\n\n\n\n<figure class=\"wp-block-image size-full is-resized\"><a href=\"https:\/\/schema-de-lateralite.etiennelang.com\/index.php\/presentation\/\"><img loading=\"lazy\" decoding=\"async\" width=\"400\" height=\"400\" src=\"https:\/\/schema-de-lateralite.etiennelang.com\/wp-content\/uploads\/2024\/03\/Nuage-professions-web.png\" alt=\"\" class=\"wp-image-238\" style=\"width:957px;height:auto\" srcset=\"https:\/\/schema-de-lateralite.etiennelang.com\/wp-content\/uploads\/2024\/03\/Nuage-professions-web.png 400w, https:\/\/schema-de-lateralite.etiennelang.com\/wp-content\/uploads\/2024\/03\/Nuage-professions-web-300x300.png 300w, https:\/\/schema-de-lateralite.etiennelang.com\/wp-content\/uploads\/2024\/03\/Nuage-professions-web-150x150.png 150w\" sizes=\"auto, (max-width: 400px) 100vw, 400px\" \/><\/a><\/figure>\n\n\n<ul class=\"wp-block-page-list\"><li class=\"wp-block-pages-list__item menu-item-home\"><a class=\"wp-block-pages-list__item__link\" href=\"https:\/\/schema-de-lateralite.etiennelang.com\/\">accueil<\/a><\/li><li class=\"wp-block-pages-list__item\"><a class=\"wp-block-pages-list__item__link\" href=\"https:\/\/schema-de-lateralite.etiennelang.com\/index.php\/comorbidite\/\">Comorbidit\u00e9<\/a><\/li><li class=\"wp-block-pages-list__item\"><a class=\"wp-block-pages-list__item__link\" href=\"https:\/\/schema-de-lateralite.etiennelang.com\/index.php\/formation\/\">Formation<\/a><\/li><li class=\"wp-block-pages-list__item\"><a class=\"wp-block-pages-list__item__link\" href=\"https:\/\/schema-de-lateralite.etiennelang.com\/index.php\/forum\/\">Forum<\/a><\/li><li class=\"wp-block-pages-list__item\"><a class=\"wp-block-pages-list__item__link\" href=\"https:\/\/schema-de-lateralite.etiennelang.com\/index.php\/hpi-surdoues-et-autres-atypiques\/\">HPI, surdou\u00e9s et autres atypiques<\/a><\/li><li class=\"wp-block-pages-list__item\"><a class=\"wp-block-pages-list__item__link\" href=\"https:\/\/schema-de-lateralite.etiennelang.com\/index.php\/laffectivite-des-droitiers-et-gauchers\/\">L&rsquo;affectivit\u00e9 des droitiers et gauchers<\/a><\/li><li class=\"wp-block-pages-list__item\"><a class=\"wp-block-pages-list__item__link\" href=\"https:\/\/schema-de-lateralite.etiennelang.com\/index.php\/la-pratique\/\">La pratique<\/a><\/li><li class=\"wp-block-pages-list__item\"><a class=\"wp-block-pages-list__item__link\" href=\"https:\/\/schema-de-lateralite.etiennelang.com\/index.php\/les-bases-theoriques\/\">Les bases th\u00e9oriques<\/a><\/li><li class=\"wp-block-pages-list__item\"><a class=\"wp-block-pages-list__item__link\" href=\"https:\/\/schema-de-lateralite.etiennelang.com\/index.php\/les-professions-concernees\/\">Les professions concern\u00e9es<\/a><\/li><li class=\"wp-block-pages-list__item\"><a class=\"wp-block-pages-list__item__link\" href=\"https:\/\/schema-de-lateralite.etiennelang.com\/index.php\/les-troubles-des-apprentissages\/\">Les troubles des apprentissages<\/a><\/li><li class=\"wp-block-pages-list__item\"><a class=\"wp-block-pages-list__item__link\" href=\"https:\/\/schema-de-lateralite.etiennelang.com\/index.php\/presentation\/\">Pr\u00e9sentation<\/a><\/li><li class=\"wp-block-pages-list__item\"><a class=\"wp-block-pages-list__item__link\" href=\"https:\/\/schema-de-lateralite.etiennelang.com\/index.php\/publications\/\">Publications<\/a><\/li><li class=\"wp-block-pages-list__item has-child\"><a class=\"wp-block-pages-list__item__link\" href=\"https:\/\/schema-de-lateralite.etiennelang.com\/index.php\/questions\/\">Questions<\/a><ul class=\"wp-block-navigation__submenu-container\"><li class=\"wp-block-pages-list__item \"><a class=\"wp-block-pages-list__item__link\" href=\"https:\/\/schema-de-lateralite.etiennelang.com\/index.php\/questions\/activities\/\">Activit\u00e9s<\/a><\/li><li class=\"wp-block-pages-list__item \"><a class=\"wp-block-pages-list__item__link\" href=\"https:\/\/schema-de-lateralite.etiennelang.com\/index.php\/questions\/categories\/\">Cat\u00e9gories<\/a><\/li><li class=\"wp-block-pages-list__item \"><a class=\"wp-block-pages-list__item__link\" href=\"https:\/\/schema-de-lateralite.etiennelang.com\/index.php\/questions\/tags\/\">\u00c9tiquettes<\/a><\/li><li class=\"wp-block-pages-list__item \"><a class=\"wp-block-pages-list__item__link\" href=\"https:\/\/schema-de-lateralite.etiennelang.com\/index.php\/questions\/ask\/\">Poser une question<\/a><\/li><li class=\"wp-block-pages-list__item \"><a class=\"wp-block-pages-list__item__link\" href=\"https:\/\/schema-de-lateralite.etiennelang.com\/index.php\/questions\/profile\/\">Profil<\/a><\/li><\/ul><\/li><\/ul>","protected":false},"excerpt":{"rendered":"<p>L&rsquo;analyse du sch\u00e9ma de lat\u00e9ralit\u00e9 &#8230; Un outil extraordinaire &#8230;<\/p>\n","protected":false},"author":1,"featured_media":0,"parent":0,"menu_order":0,"comment_status":"closed","ping_status":"closed","template":"","meta":{"advanced_seo_description":"","jetpack_seo_html_title":"","jetpack_seo_noindex":false,"footnotes":""},"class_list":["post-36","page","type-page","status-publish","hentry","post"],"jetpack_sharing_enabled":true,"_links":{"self":[{"href":"https:\/\/schema-de-lateralite.etiennelang.com\/index.php\/wp-json\/wp\/v2\/pages\/36","targetHints":{"allow":["GET"]}}],"collection":[{"href":"https:\/\/schema-de-lateralite.etiennelang.com\/index.php\/wp-json\/wp\/v2\/pages"}],"about":[{"href":"https:\/\/schema-de-lateralite.etiennelang.com\/index.php\/wp-json\/wp\/v2\/types\/page"}],"author":[{"embeddable":true,"href":"https:\/\/schema-de-lateralite.etiennelang.com\/index.php\/wp-json\/wp\/v2\/users\/1"}],"replies":[{"embeddable":true,"href":"https:\/\/schema-de-lateralite.etiennelang.com\/index.php\/wp-json\/wp\/v2\/comments?post=36"}],"version-history":[{"count":13,"href":"https:\/\/schema-de-lateralite.etiennelang.com\/index.php\/wp-json\/wp\/v2\/pages\/36\/revisions"}],"predecessor-version":[{"id":251,"href":"https:\/\/schema-de-lateralite.etiennelang.com\/index.php\/wp-json\/wp\/v2\/pages\/36\/revisions\/251"}],"wp:attachment":[{"href":"https:\/\/schema-de-lateralite.etiennelang.com\/index.php\/wp-json\/wp\/v2\/media?parent=36"}],"curies":[{"name":"wp","href":"https:\/\/api.w.org\/{rel}","templated":true}]}}